{"id":27460,"date":"2025-11-10T10:00:26","date_gmt":"2025-11-10T15:00:26","guid":{"rendered":"https:\/\/sportsandrecreation.johnabbott.qc.ca\/march-break-camp\/"},"modified":"2026-01-27T10:34:22","modified_gmt":"2026-01-27T15:34:22","slug":"mini-islanders-camp","status":"publish","type":"page","link":"https:\/\/sportsandrecreation.johnabbott.qc.ca\/fr\/mini-islanders-camp\/","title":{"rendered":"Camp de rel\u00e2che Mini Islanders"},"content":{"rendered":"<p>Rejoignez le camp de rel\u00e2che des Mini Islanders !<\/p>\n<p>Pr\u00e9parez-vous \u00e0 une semaine remplie de plaisir, d&#8217;\u00e9nergie et d&#8217;aventures sportives ! Gr\u00e2ce \u00e0 des exercices visant \u00e0 d\u00e9velopper leurs comp\u00e9tences et \u00e0 des jeux passionnants, les campeurs de la 1re \u00e0 la 7e ann\u00e9e exploreront une vari\u00e9t\u00e9 de sports tout en apprenant le travail d&#8217;\u00e9quipe, l&#8217;esprit sportif et la confiance en soi. Sous la direction d&#8217;athl\u00e8tes des Islanders et d&#8217;instructeurs experts, chaque journ\u00e9e apporte son lot de nouveaux d\u00e9fis, d&#8217;exercices novateurs et de s\u00e9ances dynamiques con\u00e7ues pour inspirer la croissance et l&#8217;amour de l&#8217;activit\u00e9 physique.<\/p>\n<p>En plus des comp\u00e9tences et des jeux sp\u00e9cifiques \u00e0 chaque sport, le camp proposera des exercices de fitness et des \u00e9tirements, des activit\u00e9s cr\u00e9atives, des mini-jeux et des activit\u00e9s en plein air (si le temps le permet). Que vous souhaitiez am\u00e9liorer votre jeu, vous faire de nouveaux amis ou simplement vous amuser, ce camp est le moyen id\u00e9al de passer les vacances de mars !<\/p>\n<p>Niveaux scolaires : 1 \u00e0 6 et secondaire 1<br \/>\nDates : du 2 au 6 mars 2026<br \/>\nLieu : John Abbott College<\/p>\n<p>Inscrivez-vous d\u00e8s maintenant, les places sont limit\u00e9es !<\/p>\n<p>\u00c0 apporter<\/p>\n<ul>\n<li>Bouteille d&#8217;eau<\/li>\n<li>D\u00eener<\/li>\n<li>Chaussures de sport d&#8217;int\u00e9rieur<\/li>\n<li>Les enfants aux cheveux longs doivent les attacher avec un \u00e9lastique.<\/li>\n<li>Tenue de sport<\/li>\n<li>V\u00eatements d&#8217;hiver pour l&#8217;ext\u00e9rieur : combinaison de ski (avec pantalon de ski), bottes, gants, tuque et cache-cou *en fonction de la m\u00e9t\u00e9o, une partie de la journ\u00e9e peut \u00eatre pass\u00e9e \u00e0 l&#8217;ext\u00e9rieur*<\/li>\n<\/ul>\n<p>Des collations saines sans arachides seront fournies le matin et l&#8217;apr\u00e8s-midi.<\/p>\n","protected":false},"excerpt":{"rendered":"<p>Rejoignez le camp de rel\u00e2che des Mini Islanders ! Pr\u00e9parez-vous \u00e0 une semaine remplie de plaisir, d&#8217;\u00e9nergie et d&#8217;aventures sportives ! Gr\u00e2ce \u00e0 des exercices visant \u00e0 d\u00e9velopper leurs comp\u00e9tences et \u00e0 des jeux passionnants, les campeurs de la 1re \u00e0 la 7e ann\u00e9e exploreront une vari\u00e9t\u00e9 de sports tout en apprenant le travail d&#8217;\u00e9quipe, &hellip; <\/p>\n<p class=\"link-more\"><a href=\"https:\/\/sportsandrecreation.johnabbott.qc.ca\/fr\/mini-islanders-camp\/\" class=\"more-link\">Continuer la lecture <span class=\"screen-reader-text\"> \u00ab\u00a0Camp de rel\u00e2che Mini Islanders\u00a0\u00bb<\/span><\/a><\/p>\n","protected":false},"author":2,"featured_media":0,"parent":0,"menu_order":0,"comment_status":"closed","ping_status":"closed","template":"","meta":{"inline_featured_image":false,"footnotes":""},"class_list":["post-27460","page","type-page","status-publish","hentry","entry"],"_links":{"self":[{"href":"https:\/\/sportsandrecreation.johnabbott.qc.ca\/fr\/wp-json\/wp\/v2\/pages\/27460","targetHints":{"allow":["GET"]}}],"collection":[{"href":"https:\/\/sportsandrecreation.johnabbott.qc.ca\/fr\/wp-json\/wp\/v2\/pages"}],"about":[{"href":"https:\/\/sportsandrecreation.johnabbott.qc.ca\/fr\/wp-json\/wp\/v2\/types\/page"}],"author":[{"embeddable":true,"href":"https:\/\/sportsandrecreation.johnabbott.qc.ca\/fr\/wp-json\/wp\/v2\/users\/2"}],"replies":[{"embeddable":true,"href":"https:\/\/sportsandrecreation.johnabbott.qc.ca\/fr\/wp-json\/wp\/v2\/comments?post=27460"}],"version-history":[{"count":15,"href":"https:\/\/sportsandrecreation.johnabbott.qc.ca\/fr\/wp-json\/wp\/v2\/pages\/27460\/revisions"}],"predecessor-version":[{"id":27670,"href":"https:\/\/sportsandrecreation.johnabbott.qc.ca\/fr\/wp-json\/wp\/v2\/pages\/27460\/revisions\/27670"}],"wp:attachment":[{"href":"https:\/\/sportsandrecreation.johnabbott.qc.ca\/fr\/wp-json\/wp\/v2\/media?parent=27460"}],"curies":[{"name":"wp","href":"https:\/\/api.w.org\/{rel}","templated":true}]}}