{"id":25939,"date":"2024-12-16T16:12:40","date_gmt":"2024-12-16T21:12:40","guid":{"rendered":"https:\/\/sportsandrecreation.johnabbott.qc.ca\/?page_id=25939"},"modified":"2024-12-16T16:12:40","modified_gmt":"2024-12-16T21:12:40","slug":"matinees-en-famille","status":"publish","type":"page","link":"https:\/\/sportsandrecreation.johnabbott.qc.ca\/fr\/matinees-en-famille\/","title":{"rendered":"Matin\u00e9es en famille"},"content":{"rendered":"<p>Joignez-vous \u00e0 nous pour nos heures d&#8217;ouverture prolong\u00e9es le 27 d\u00e9cembre et le 3 janvier, de 9 h \u00e0 12 h !<\/p>\n<p>R\u00e9servez votre place pour le badminton, le pickleball ou le squash:<a href=\"https:\/\/outlook.office365.com\/book\/PublicWorkoutFacilities@JohnAbbott.onmicrosoft.com\/\"><span class=\"s4\">https:\/\/outlook.office365.com\/book\/PublicWorkoutFacilities@JohnAbbott.onmicrosoft.com\/<\/span><\/a><\/p>\n<p>Pr\u00e9sentez-vous en tout temps pour utiliser la salle de musculation ou la piscine! <span class=\"s3\"><\/span><\/p>\n<p>Int\u00e9ress\u00e9 \u00e0 devenir membre? Appelez-nous au (514) 457-2737 ou envoyez-nous un courriel \u00e0 sportscentre@johnabbott.qc.ca. Venez visiter nos salles au 21 275, chemin Lakeshore \u00e0 Sainte-Anne-de-Bellevue !<\/p>\n","protected":false},"excerpt":{"rendered":"<p>Joignez-vous \u00e0 nous pour nos heures d&#8217;ouverture prolong\u00e9es le 27 d\u00e9cembre et le 3 janvier, de 9 h \u00e0 12 h ! R\u00e9servez votre place pour le badminton, le pickleball ou le squash:https:\/\/outlook.office365.com\/book\/PublicWorkoutFacilities@JohnAbbott.onmicrosoft.com\/ Pr\u00e9sentez-vous en tout temps pour utiliser la salle de musculation ou la piscine! Int\u00e9ress\u00e9 \u00e0 devenir membre? Appelez-nous au (514) 457-2737 ou &hellip; <\/p>\n<p class=\"link-more\"><a href=\"https:\/\/sportsandrecreation.johnabbott.qc.ca\/fr\/matinees-en-famille\/\" class=\"more-link\">Continuer la lecture <span class=\"screen-reader-text\"> \u00ab\u00a0Matin\u00e9es en famille\u00a0\u00bb<\/span><\/a><\/p>\n","protected":false},"author":2,"featured_media":0,"parent":0,"menu_order":0,"comment_status":"closed","ping_status":"closed","template":"","meta":{"inline_featured_image":false,"footnotes":""},"class_list":["post-25939","page","type-page","status-publish","hentry","entry"],"_links":{"self":[{"href":"https:\/\/sportsandrecreation.johnabbott.qc.ca\/fr\/wp-json\/wp\/v2\/pages\/25939","targetHints":{"allow":["GET"]}}],"collection":[{"href":"https:\/\/sportsandrecreation.johnabbott.qc.ca\/fr\/wp-json\/wp\/v2\/pages"}],"about":[{"href":"https:\/\/sportsandrecreation.johnabbott.qc.ca\/fr\/wp-json\/wp\/v2\/types\/page"}],"author":[{"embeddable":true,"href":"https:\/\/sportsandrecreation.johnabbott.qc.ca\/fr\/wp-json\/wp\/v2\/users\/2"}],"replies":[{"embeddable":true,"href":"https:\/\/sportsandrecreation.johnabbott.qc.ca\/fr\/wp-json\/wp\/v2\/comments?post=25939"}],"version-history":[{"count":1,"href":"https:\/\/sportsandrecreation.johnabbott.qc.ca\/fr\/wp-json\/wp\/v2\/pages\/25939\/revisions"}],"predecessor-version":[{"id":25940,"href":"https:\/\/sportsandrecreation.johnabbott.qc.ca\/fr\/wp-json\/wp\/v2\/pages\/25939\/revisions\/25940"}],"wp:attachment":[{"href":"https:\/\/sportsandrecreation.johnabbott.qc.ca\/fr\/wp-json\/wp\/v2\/media?parent=25939"}],"curies":[{"name":"wp","href":"https:\/\/api.w.org\/{rel}","templated":true}]}}