{"id":24887,"date":"2023-12-06T15:01:44","date_gmt":"2023-12-06T20:01:44","guid":{"rendered":"https:\/\/sportsandrecreation.johnabbott.qc.ca\/?page_id=24887"},"modified":"2024-07-15T10:25:40","modified_gmt":"2024-07-15T14:25:40","slug":"a-la-recherche-dun-travail-amusant-bien-remunere-a-temps-partiel","status":"publish","type":"page","link":"https:\/\/sportsandrecreation.johnabbott.qc.ca\/fr\/a-la-recherche-dun-travail-amusant-bien-remunere-a-temps-partiel\/","title":{"rendered":"\u00c0 LA RECHERCHE D\u2019UN TRAVAIL AMUSANT, BIEN R\u00c9MUN\u00c9R\u00c9, \u00c0 TEMPS PARTIEL?"},"content":{"rendered":"<h2>LA PISCINE CASGRAIN DU C\u00c9GEP JOHN ABBOTT RECHERCHE DES SURVEILLANTS-SAUVETEURS ET DES MONITEURS DE NATATION QUALIFI\u00c9S, RESPONSABLES, FIABLES, ENGAG\u00c9S ET ENTHOUSIASTES POUR L\u2019ANN\u00c9E SCOLAIRE 2024-2025.<\/h2>\n<p><strong>QUALIFICATIONS ET EXIGENCES :<\/strong><\/p>\n<ul>\n<li>Certification nationale des sauveteurs (option de piscine) \u2013 <strong>OBLIGATOIRE<\/strong><\/li>\n<li>Certificat moniteur la Voie olympique (un atout)<\/li>\n<li>Certificat moniteur en natation de la Soci\u00e9t\u00e9 de sauvetage (un atout)<\/li>\n<li>Bilingue (anglais et fran\u00e7ais, oral)<\/li>\n<li>\u00catre un \u00e9tudiant \u00e0 temps plein de John Abbott en r\u00e8gle sur le plan acad\u00e9mique.<\/li>\n<li>Doit aimer travailler avec le public<\/li>\n<li>La disponibilit\u00e9 DOIT inclure une vari\u00e9t\u00e9 de jours, de soirs et de fins de semaine.<\/li>\n<\/ul>\n<p><strong>RENSEIGNEMENTS SUR LA DEMANDE<\/strong> <strong>:<\/strong><\/p>\n<ul>\n<li>\n<p class=\"p1\">Les candidatures sont ouvertes d\u00e8s maintenant; postulez en ligne sur le portail Omnivox via l\u2019onglet \u00abCentre d\u2019emploi \u2013 Emplois et b\u00e9n\u00e9volat\u00bb<\/p>\n<\/li>\n<li>\n<p class=\"p1\">La date limite pour pr\u00e9senter une demande est le <strong>dimanche 25 ao\u00fbt<\/strong>.<\/p>\n<\/li>\n<li>Joignez le formulaire de demande rempli \u00e0 vos <strong>disponibilit\u00e9s<\/strong>, votre <strong>curriculum vitae<\/strong>, une copie de votre <strong>horaire de cours<\/strong> et \u00e0 une copie de vos <strong>attestations<\/strong>.<\/li>\n<\/ul>\n<p>Pour de plus amples renseignements, veuillez communiquer avec Kristin Harmidy \u00e0 <a href=\"mailto:pool@johnabbott.qc.ca\" target=\"_blank\" rel=\"noopener noreferrer\">pool@johnabbott.qc.ca<\/a><\/p>\n<p class=\"p1\">**N.B. Le personnel n&#8217;est g\u00e9n\u00e9ralement pas schedul\u00e9 pour un grand nombre d&#8217;heures, mais peut travailler un maximum de 15 heures par semaine. Le taux de r\u00e9mun\u00e9ration est pr\u00e9sentement de 23,85 $\/heure + 8 % pour les avantages sociaux (25,76$\/heure). Nous ne voyons pas d&#8217;inconv\u00e9nient \u00e0 ce que les membres du personnel aient un autre emploi \u00e0 temps partiel, \u00e0 condition qu&#8217;ils soient disponibles au besoin (au moins une session de cours de natation la fin de semaine).<\/p>\n","protected":false},"excerpt":{"rendered":"<p>LA PISCINE CASGRAIN DU C\u00c9GEP JOHN ABBOTT RECHERCHE DES SURVEILLANTS-SAUVETEURS ET DES MONITEURS DE NATATION QUALIFI\u00c9S, RESPONSABLES, FIABLES, ENGAG\u00c9S ET ENTHOUSIASTES POUR L\u2019ANN\u00c9E SCOLAIRE 2024-2025. QUALIFICATIONS ET EXIGENCES : Certification nationale des sauveteurs (option de piscine) \u2013 OBLIGATOIRE Certificat moniteur la Voie olympique (un atout) Certificat moniteur en natation de la Soci\u00e9t\u00e9 de sauvetage (un &hellip; <\/p>\n<p class=\"link-more\"><a href=\"https:\/\/sportsandrecreation.johnabbott.qc.ca\/fr\/a-la-recherche-dun-travail-amusant-bien-remunere-a-temps-partiel\/\" class=\"more-link\">Continuer la lecture <span class=\"screen-reader-text\"> \u00ab\u00a0\u00c0 LA RECHERCHE D\u2019UN TRAVAIL AMUSANT, BIEN R\u00c9MUN\u00c9R\u00c9, \u00c0 TEMPS PARTIEL?\u00a0\u00bb<\/span><\/a><\/p>\n","protected":false},"author":2,"featured_media":0,"parent":0,"menu_order":0,"comment_status":"closed","ping_status":"closed","template":"","meta":{"inline_featured_image":false,"footnotes":""},"class_list":["post-24887","page","type-page","status-publish","hentry","entry"],"_links":{"self":[{"href":"https:\/\/sportsandrecreation.johnabbott.qc.ca\/fr\/wp-json\/wp\/v2\/pages\/24887","targetHints":{"allow":["GET"]}}],"collection":[{"href":"https:\/\/sportsandrecreation.johnabbott.qc.ca\/fr\/wp-json\/wp\/v2\/pages"}],"about":[{"href":"https:\/\/sportsandrecreation.johnabbott.qc.ca\/fr\/wp-json\/wp\/v2\/types\/page"}],"author":[{"embeddable":true,"href":"https:\/\/sportsandrecreation.johnabbott.qc.ca\/fr\/wp-json\/wp\/v2\/users\/2"}],"replies":[{"embeddable":true,"href":"https:\/\/sportsandrecreation.johnabbott.qc.ca\/fr\/wp-json\/wp\/v2\/comments?post=24887"}],"version-history":[{"count":3,"href":"https:\/\/sportsandrecreation.johnabbott.qc.ca\/fr\/wp-json\/wp\/v2\/pages\/24887\/revisions"}],"predecessor-version":[{"id":25427,"href":"https:\/\/sportsandrecreation.johnabbott.qc.ca\/fr\/wp-json\/wp\/v2\/pages\/24887\/revisions\/25427"}],"wp:attachment":[{"href":"https:\/\/sportsandrecreation.johnabbott.qc.ca\/fr\/wp-json\/wp\/v2\/media?parent=24887"}],"curies":[{"name":"wp","href":"https:\/\/api.w.org\/{rel}","templated":true}]}}