{"id":24533,"date":"2023-10-24T11:18:47","date_gmt":"2023-10-24T15:18:47","guid":{"rendered":"https:\/\/sportsandrecreation.johnabbott.qc.ca\/?page_id=24533"},"modified":"2023-10-24T11:23:01","modified_gmt":"2023-10-24T15:23:01","slug":"double-medaille-dor-au-championnat-national-de-golf-de-lacsc-2023","status":"publish","type":"page","link":"https:\/\/sportsandrecreation.johnabbott.qc.ca\/fr\/double-medaille-dor-au-championnat-national-de-golf-de-lacsc-2023\/","title":{"rendered":"Double m\u00e9daille d&#8217;or au championnat national de golf de l&#8217;ACSC 2023"},"content":{"rendered":"<p>Apr\u00e8s quatre rondes au terrain de golf de l&#8217;Ancienne Lorette \u00e0 Qu\u00e9bec la semaine derni\u00e8re, Mackenzie Cloutier a \u00e9t\u00e9 couronn\u00e9e championne individuelle chez les femmes. Elle l&#8217;a emport\u00e9 par 4 coups sur Madison Ouellette du Coll\u00e8ge Humber. Cloutier a r\u00e9alis\u00e9 deux rondes inf\u00e9rieures \u00e0 la normale, soit une ronde de 70 le deuxi\u00e8me jour et une ronde de 69 le dernier jour. Elle a termin\u00e9 avec un pointage combin\u00e9 de +3. Cloutier a \u00e9galement men\u00e9 l&#8217;\u00e9quipe RSEQ 1 \u00e0 la m\u00e9daille d&#8217;or.<\/p>\n<p>Chez les hommes, Jake Houston a remport\u00e9 la m\u00e9daille de bronze individuelle. Il a \u00e9galement r\u00e9alis\u00e9 deux rondes inf\u00e9rieures \u00e0 la normale avec une ronde de 71 le premier jour et la ronde la plus basse de la journ\u00e9e pour la troisi\u00e8me ronde avec un 68. Son r\u00e9sultat \u00e0 la troisi\u00e8me ronde lui a permis de monter six fois sur le podium, o\u00f9 il a termin\u00e9 le tournoi. L&#8217;\u00e9quipe masculine a termin\u00e9 en 7e place avec Samuel Labrecque (32e), Tayler Morin (42e), Logan Wood (48e) et Fernando Valderrama (50e).<\/p>\n<p><a href=\"https:\/\/acsc.ccaa.ca\/sports\/golf\/headlines-featured\" target=\"_blank\" rel=\"noopener\">Plus de details ici<\/a><\/p>\n","protected":false},"excerpt":{"rendered":"<p>Apr\u00e8s quatre rondes au terrain de golf de l&#8217;Ancienne Lorette \u00e0 Qu\u00e9bec la semaine derni\u00e8re, Mackenzie Cloutier a \u00e9t\u00e9 couronn\u00e9e championne individuelle chez les femmes. Elle l&#8217;a emport\u00e9 par 4 coups sur Madison Ouellette du Coll\u00e8ge Humber. Cloutier a r\u00e9alis\u00e9 deux rondes inf\u00e9rieures \u00e0 la normale, soit une ronde de 70 le deuxi\u00e8me jour et &hellip; <\/p>\n<p class=\"link-more\"><a href=\"https:\/\/sportsandrecreation.johnabbott.qc.ca\/fr\/double-medaille-dor-au-championnat-national-de-golf-de-lacsc-2023\/\" class=\"more-link\">Continuer la lecture <span class=\"screen-reader-text\"> \u00ab\u00a0Double m\u00e9daille d&#8217;or au championnat national de golf de l&#8217;ACSC 2023\u00a0\u00bb<\/span><\/a><\/p>\n","protected":false},"author":2,"featured_media":0,"parent":0,"menu_order":0,"comment_status":"closed","ping_status":"closed","template":"","meta":{"inline_featured_image":false,"footnotes":""},"class_list":["post-24533","page","type-page","status-publish","hentry","entry"],"_links":{"self":[{"href":"https:\/\/sportsandrecreation.johnabbott.qc.ca\/fr\/wp-json\/wp\/v2\/pages\/24533","targetHints":{"allow":["GET"]}}],"collection":[{"href":"https:\/\/sportsandrecreation.johnabbott.qc.ca\/fr\/wp-json\/wp\/v2\/pages"}],"about":[{"href":"https:\/\/sportsandrecreation.johnabbott.qc.ca\/fr\/wp-json\/wp\/v2\/types\/page"}],"author":[{"embeddable":true,"href":"https:\/\/sportsandrecreation.johnabbott.qc.ca\/fr\/wp-json\/wp\/v2\/users\/2"}],"replies":[{"embeddable":true,"href":"https:\/\/sportsandrecreation.johnabbott.qc.ca\/fr\/wp-json\/wp\/v2\/comments?post=24533"}],"version-history":[{"count":2,"href":"https:\/\/sportsandrecreation.johnabbott.qc.ca\/fr\/wp-json\/wp\/v2\/pages\/24533\/revisions"}],"predecessor-version":[{"id":24537,"href":"https:\/\/sportsandrecreation.johnabbott.qc.ca\/fr\/wp-json\/wp\/v2\/pages\/24533\/revisions\/24537"}],"wp:attachment":[{"href":"https:\/\/sportsandrecreation.johnabbott.qc.ca\/fr\/wp-json\/wp\/v2\/media?parent=24533"}],"curies":[{"name":"wp","href":"https:\/\/api.w.org\/{rel}","templated":true}]}}