{"id":23257,"date":"2023-01-19T04:05:37","date_gmt":"2023-01-19T09:05:37","guid":{"rendered":"https:\/\/jasportsandrec.wpengine.com\/tradition\/"},"modified":"2023-05-12T10:53:46","modified_gmt":"2023-05-12T14:53:46","slug":"tradition","status":"publish","type":"page","link":"https:\/\/sportsandrecreation.johnabbott.qc.ca\/fr\/tradition\/","title":{"rendered":"Tradition"},"content":{"rendered":"<p>[vc_row css=&#8221;.vc_custom_1564133174281{margin-bottom: 0px !important;}&#8221; el_class=&#8221;traditin_box&#8221;][vc_column width=&#8221;1\/2&#8243; css=&#8221;.vc_custom_1564133326477{margin-top: 10px !important;}&#8221;][vc_column_text]Depuis ses d\u00e9buts, le Coll\u00e8ge a activement soutenu la participation aux activit\u00e9s sportives comme l&#8217;une des voies importantes de la croissance de l&#8217;individu et de son bien-\u00eatre. L&#8217;objectif sp\u00e9cifique du d\u00e9partement des sports et des loisirs est de mettre en \u0153uvre des programmes qui r\u00e9pondent aux besoins et aux int\u00e9r\u00eats des \u00e9tudiants dans les domaines des loisirs, des activit\u00e9s intra-muros et inter-coll\u00e9giales. Le d\u00e9partement pr\u00e9voit \u00e9galement la participation des \u00e9tudiants au d\u00e9veloppement et \u00e0 l&#8217;organisation de ces activit\u00e9s.<\/p>\n<p>Le d\u00e9vouement de nos \u00e9tudiants-athl\u00e8tes, la qualit\u00e9 de l&#8217;encadrement et l&#8217;approche professionnelle des membres du personnel responsables des programmes sportifs ont propuls\u00e9 John Abbott au premier rang des \u00e9coles postsecondaires en mati\u00e8re d&#8217;excellence acad\u00e9mique et de r\u00e9ussite sportive, tant au niveau provincial que national.[\/vc_column_text][\/vc_column][vc_column width=&#8221;1\/2&#8243;][vc_single_image image=&#8221;1935&#8243; img_size=&#8221;full&#8221; alignment=&#8221;center&#8221;][\/vc_column][\/vc_row]<\/p>\n","protected":false},"excerpt":{"rendered":"<p>[vc_row css=&#8221;.vc_custom_1564133174281{margin-bottom: 0px !important;}&#8221; el_class=&#8221;traditin_box&#8221;][vc_column width=&#8221;1\/2&#8243; css=&#8221;.vc_custom_1564133326477{margin-top: 10px !important;}&#8221;][vc_column_text]Depuis ses d\u00e9buts, le Coll\u00e8ge a activement soutenu la participation aux activit\u00e9s sportives comme l&#8217;une des voies importantes de la croissance de l&#8217;individu et de son bien-\u00eatre. L&#8217;objectif sp\u00e9cifique du d\u00e9partement des sports et des loisirs est de mettre en \u0153uvre des programmes qui r\u00e9pondent aux besoins &hellip; <\/p>\n<p class=\"link-more\"><a href=\"https:\/\/sportsandrecreation.johnabbott.qc.ca\/fr\/tradition\/\" class=\"more-link\">Continuer la lecture <span class=\"screen-reader-text\"> \u00ab\u00a0Tradition\u00a0\u00bb<\/span><\/a><\/p>\n","protected":false},"author":1,"featured_media":0,"parent":0,"menu_order":18,"comment_status":"closed","ping_status":"closed","template":"tradition.php","meta":{"inline_featured_image":false,"footnotes":""},"class_list":["post-23257","page","type-page","status-publish","hentry","entry"],"_links":{"self":[{"href":"https:\/\/sportsandrecreation.johnabbott.qc.ca\/fr\/wp-json\/wp\/v2\/pages\/23257","targetHints":{"allow":["GET"]}}],"collection":[{"href":"https:\/\/sportsandrecreation.johnabbott.qc.ca\/fr\/wp-json\/wp\/v2\/pages"}],"about":[{"href":"https:\/\/sportsandrecreation.johnabbott.qc.ca\/fr\/wp-json\/wp\/v2\/types\/page"}],"author":[{"embeddable":true,"href":"https:\/\/sportsandrecreation.johnabbott.qc.ca\/fr\/wp-json\/wp\/v2\/users\/1"}],"replies":[{"embeddable":true,"href":"https:\/\/sportsandrecreation.johnabbott.qc.ca\/fr\/wp-json\/wp\/v2\/comments?post=23257"}],"version-history":[{"count":0,"href":"https:\/\/sportsandrecreation.johnabbott.qc.ca\/fr\/wp-json\/wp\/v2\/pages\/23257\/revisions"}],"wp:attachment":[{"href":"https:\/\/sportsandrecreation.johnabbott.qc.ca\/fr\/wp-json\/wp\/v2\/media?parent=23257"}],"curies":[{"name":"wp","href":"https:\/\/api.w.org\/{rel}","templated":true}]}}