{"id":23255,"date":"2019-08-08T05:53:17","date_gmt":"2019-08-08T09:53:17","guid":{"rendered":"https:\/\/jasportsandrec.wpengine.com\/privacy-policy\/"},"modified":"2023-05-08T16:13:08","modified_gmt":"2023-05-08T20:13:08","slug":"politique-de-confidentialite","status":"publish","type":"page","link":"https:\/\/sportsandrecreation.johnabbott.qc.ca\/fr\/politique-de-confidentialite\/","title":{"rendered":"Politique de confidentialit\u00e9"},"content":{"rendered":"<p>[vc_row css=&#8221;.vc_custom_1564133174281{margin-bottom: 0px !important;}&#8221; el_class=&#8221;traditin_box&#8221;][vc_column css=&#8221;.vc_custom_1564133326477{margin-top: 10px !important;}&#8221;][vc_column_text el_class=&#8221;term_text&#8221;]<\/p>\n<h4 class=\"entry-title\">Politique de confidentialit\u00e9<\/h4>\n<p>[\/vc_column_text][vc_column_text]La confidentialit\u00e9 en ligne et la protection des renseignements personnels sont cruciales. La pr\u00e9sente politique d\u00e9crit comment certains renseignements sont recueillis lorsque vous visitez notre site Web et comment nous utilisons ces renseignements.[\/vc_column_text][\/vc_column][\/vc_row][vc_row css=&#8221;.vc_custom_1564133174281{margin-bottom: 0px !important;}&#8221; el_class=&#8221;traditin_box&#8221;][vc_column css=&#8221;.vc_custom_1564133326477{margin-top: 10px !important;}&#8221;][vc_column_text el_class=&#8221;term_text&#8221;]<\/p>\n<h4>Collecte et utilisation des renseignements<\/h4>\n<p>[\/vc_column_text][vc_column_text]Nous acc\u00e9dons aux renseignements que vous fournissez lorsque vous remplissez des formulaires en ligne sur notre site Web ou lorsque vous nous envoyez un courriel. Le C\u00e9gep John-Abbott ne communiquera jamais ces renseignements \u00e0 un tiers sans votre consentement.<\/p>\n<p>Nous utiliserons vos renseignements pour r\u00e9pondre \u00e0 une question que vous nous avez pos\u00e9e, pour vous donner les renseignements que vous cherchez, pour vous inscrire \u00e0 une s\u00e9ance d\u2019information sur les cours ou programmes \u00e0 venir, et ainsi de suite.<\/p>\n<p>Vos renseignements sont prot\u00e9g\u00e9s en ligne et hors ligne.[\/vc_column_text][\/vc_column][\/vc_row][vc_row css=&#8221;.vc_custom_1564133174281{margin-bottom: 0px !important;}&#8221; el_class=&#8221;traditin_box&#8221;][vc_column css=&#8221;.vc_custom_1564133326477{margin-top: 10px !important;}&#8221;][vc_column_text el_class=&#8221;term_text&#8221;]<\/p>\n<h4>T\u00e9moins et pixels espions<\/h4>\n<p>[\/vc_column_text][vc_column_text]Nous utilisons des t\u00e9moins et des pixels espions sur notre site Web. Un t\u00e9moin est un court texte stock\u00e9 sur le disque dur de votre ordinateur qui vous aidera \u00e0 am\u00e9liorer votre acc\u00e8s \u00e0 notre site. Les pixels espions nous permettent de suivre les visites sur le site Web, les impressions des publicit\u00e9s num\u00e9riques et d\u2019autres types d\u2019activit\u00e9s sur le Web.[\/vc_column_text][\/vc_column][\/vc_row][vc_row css=&#8221;.vc_custom_1564133174281{margin-bottom: 0px !important;}&#8221; el_class=&#8221;traditin_box&#8221;][vc_column css=&#8221;.vc_custom_1564133326477{margin-top: 10px !important;}&#8221;][vc_column_text el_class=&#8221;term_text&#8221;]<\/p>\n<h4>Liens<\/h4>\n<p>[\/vc_column_text][vc_column_text]Le site Web du Service de la formation continue du C\u00e9gep John\u2011Abbott contient des liens vers d\u2019autres sites Web. Nous ne sommes pas responsables du contenu de ces sites externes ni de leur utilisation des renseignements.[\/vc_column_text][\/vc_column][\/vc_row][vc_row css=&#8221;.vc_custom_1564133174281{margin-bottom: 0px !important;}&#8221; el_class=&#8221;traditin_box&#8221;][vc_column css=&#8221;.vc_custom_1564133326477{margin-top: 10px !important;}&#8221;][vc_column_text el_class=&#8221;term_text&#8221;]<\/p>\n<h4>Sondages<\/h4>\n<p>[\/vc_column_text][vc_column_text]Nous publions des sondages \u00e0 l\u2019occasion. La participation est volontaire. Les renseignements sont recueillis \u00e0 des fins statistiques ou d\u2019am\u00e9lioration d\u2019un service.[\/vc_column_text][\/vc_column][\/vc_row]<\/p>\n","protected":false},"excerpt":{"rendered":"<p>[vc_row css=&#8221;.vc_custom_1564133174281{margin-bottom: 0px !important;}&#8221; el_class=&#8221;traditin_box&#8221;][vc_column css=&#8221;.vc_custom_1564133326477{margin-top: 10px !important;}&#8221;][vc_column_text el_class=&#8221;term_text&#8221;] Politique de confidentialit\u00e9 [\/vc_column_text][vc_column_text]La confidentialit\u00e9 en ligne et la protection des renseignements personnels sont cruciales. La pr\u00e9sente politique d\u00e9crit comment certains renseignements sont recueillis lorsque vous visitez notre site Web et comment nous utilisons ces renseignements.[\/vc_column_text][\/vc_column][\/vc_row][vc_row css=&#8221;.vc_custom_1564133174281{margin-bottom: 0px !important;}&#8221; el_class=&#8221;traditin_box&#8221;][vc_column css=&#8221;.vc_custom_1564133326477{margin-top: 10px !important;}&#8221;][vc_column_text el_class=&#8221;term_text&#8221;] Collecte et &hellip; <\/p>\n<p class=\"link-more\"><a href=\"https:\/\/sportsandrecreation.johnabbott.qc.ca\/fr\/politique-de-confidentialite\/\" class=\"more-link\">Continuer la lecture <span class=\"screen-reader-text\"> \u00ab\u00a0Politique de confidentialit\u00e9\u00a0\u00bb<\/span><\/a><\/p>\n","protected":false},"author":1,"featured_media":0,"parent":0,"menu_order":18,"comment_status":"closed","ping_status":"closed","template":"inner-pages.php","meta":{"inline_featured_image":false,"footnotes":""},"class_list":["post-23255","page","type-page","status-publish","hentry","entry"],"_links":{"self":[{"href":"https:\/\/sportsandrecreation.johnabbott.qc.ca\/fr\/wp-json\/wp\/v2\/pages\/23255","targetHints":{"allow":["GET"]}}],"collection":[{"href":"https:\/\/sportsandrecreation.johnabbott.qc.ca\/fr\/wp-json\/wp\/v2\/pages"}],"about":[{"href":"https:\/\/sportsandrecreation.johnabbott.qc.ca\/fr\/wp-json\/wp\/v2\/types\/page"}],"author":[{"embeddable":true,"href":"https:\/\/sportsandrecreation.johnabbott.qc.ca\/fr\/wp-json\/wp\/v2\/users\/1"}],"replies":[{"embeddable":true,"href":"https:\/\/sportsandrecreation.johnabbott.qc.ca\/fr\/wp-json\/wp\/v2\/comments?post=23255"}],"version-history":[{"count":1,"href":"https:\/\/sportsandrecreation.johnabbott.qc.ca\/fr\/wp-json\/wp\/v2\/pages\/23255\/revisions"}],"predecessor-version":[{"id":23772,"href":"https:\/\/sportsandrecreation.johnabbott.qc.ca\/fr\/wp-json\/wp\/v2\/pages\/23255\/revisions\/23772"}],"wp:attachment":[{"href":"https:\/\/sportsandrecreation.johnabbott.qc.ca\/fr\/wp-json\/wp\/v2\/media?parent=23255"}],"curies":[{"name":"wp","href":"https:\/\/api.w.org\/{rel}","templated":true}]}}