{"id":23254,"date":"2019-08-08T05:56:04","date_gmt":"2019-08-08T09:56:04","guid":{"rendered":"https:\/\/jasportsandrec.wpengine.com\/accessibility\/"},"modified":"2023-06-08T13:29:49","modified_gmt":"2023-06-08T17:29:49","slug":"accessibilite","status":"publish","type":"page","link":"https:\/\/sportsandrecreation.johnabbott.qc.ca\/fr\/accessibilite\/","title":{"rendered":"Accessibilit\u00e9"},"content":{"rendered":"<p>[vc_row css=&#8221;.vc_custom_1564133174281{margin-bottom: 0px !important;}&#8221; el_class=&#8221;traditin_box&#8221;][vc_column css=&#8221;.vc_custom_1564133326477{margin-top: 10px !important;}&#8221;][vc_column_text el_class=&#8221;term_text&#8221;]<br \/>\nAccessibilit\u00e9<br \/>\n[\/vc_column_text][vc_column_text]Le C\u00e9gep John-Abbott s\u2019engage \u00e0 assurer l\u2019accessibilit\u00e9 de ce site Web aux personnes handicap\u00e9es ou ayant des limitations physiques dans la mesure des ressources disponibles.<\/p>\n<p>Dans son \u00e9tat actuel, le site r\u00e9pond \u00e0 la plupart des exigences des Normes sur l\u2019accessibilit\u00e9 des sites Web, mais nous ne pouvons garantir la pleine conformit\u00e9 du contenu.<\/p>\n<p>Si vous \u00e9prouvez de la difficult\u00e9 \u00e0 consulter une page, un formulaire ou un document, communiquez avec nous au 514\u00a0457-6610, poste\u00a05098.[\/vc_column_text][\/vc_column][\/vc_row]<\/p>\n","protected":false},"excerpt":{"rendered":"<p>[vc_row css=&#8221;.vc_custom_1564133174281{margin-bottom: 0px !important;}&#8221; el_class=&#8221;traditin_box&#8221;][vc_column css=&#8221;.vc_custom_1564133326477{margin-top: 10px !important;}&#8221;][vc_column_text el_class=&#8221;term_text&#8221;] Accessibilit\u00e9 [\/vc_column_text][vc_column_text]Le C\u00e9gep John-Abbott s\u2019engage \u00e0 assurer l\u2019accessibilit\u00e9 de ce site Web aux personnes handicap\u00e9es ou ayant des limitations physiques dans la mesure des ressources disponibles. Dans son \u00e9tat actuel, le site r\u00e9pond \u00e0 la plupart des exigences des Normes sur l\u2019accessibilit\u00e9 des sites Web, mais &hellip; <\/p>\n<p class=\"link-more\"><a href=\"https:\/\/sportsandrecreation.johnabbott.qc.ca\/fr\/accessibilite\/\" class=\"more-link\">Continuer la lecture <span class=\"screen-reader-text\"> \u00ab\u00a0Accessibilit\u00e9\u00a0\u00bb<\/span><\/a><\/p>\n","protected":false},"author":1,"featured_media":0,"parent":0,"menu_order":18,"comment_status":"closed","ping_status":"closed","template":"inner-pages.php","meta":{"inline_featured_image":false,"footnotes":""},"class_list":["post-23254","page","type-page","status-publish","hentry","entry"],"_links":{"self":[{"href":"https:\/\/sportsandrecreation.johnabbott.qc.ca\/fr\/wp-json\/wp\/v2\/pages\/23254","targetHints":{"allow":["GET"]}}],"collection":[{"href":"https:\/\/sportsandrecreation.johnabbott.qc.ca\/fr\/wp-json\/wp\/v2\/pages"}],"about":[{"href":"https:\/\/sportsandrecreation.johnabbott.qc.ca\/fr\/wp-json\/wp\/v2\/types\/page"}],"author":[{"embeddable":true,"href":"https:\/\/sportsandrecreation.johnabbott.qc.ca\/fr\/wp-json\/wp\/v2\/users\/1"}],"replies":[{"embeddable":true,"href":"https:\/\/sportsandrecreation.johnabbott.qc.ca\/fr\/wp-json\/wp\/v2\/comments?post=23254"}],"version-history":[{"count":1,"href":"https:\/\/sportsandrecreation.johnabbott.qc.ca\/fr\/wp-json\/wp\/v2\/pages\/23254\/revisions"}],"predecessor-version":[{"id":23771,"href":"https:\/\/sportsandrecreation.johnabbott.qc.ca\/fr\/wp-json\/wp\/v2\/pages\/23254\/revisions\/23771"}],"wp:attachment":[{"href":"https:\/\/sportsandrecreation.johnabbott.qc.ca\/fr\/wp-json\/wp\/v2\/media?parent=23254"}],"curies":[{"name":"wp","href":"https:\/\/api.w.org\/{rel}","templated":true}]}}