{"id":23249,"date":"2023-01-19T03:58:34","date_gmt":"2023-01-19T08:58:34","guid":{"rendered":"https:\/\/jasportsandrec.wpengine.com\/forme-bio-du-joueur\/"},"modified":"2023-06-08T11:40:24","modified_gmt":"2023-06-08T15:40:24","slug":"formulaire-de-biographie-des-joueurs","status":"publish","type":"page","link":"https:\/\/sportsandrecreation.johnabbott.qc.ca\/fr\/formulaire-de-biographie-des-joueurs\/","title":{"rendered":"Formulaire de biographie des joueurs"},"content":{"rendered":"<p>[vc_row][vc_column width=&#8221;1\/4&#8243; el_class=&#8221;mob-bio-empty&#8221;][\/vc_column][vc_column width=&#8221;1\/2&#8243; el_class=&#8221;mob_f&#8221;][vc_column_text el_class=&#8221;bio_text&#8221;]Tous les Islanders doivent remplir ce formulaire une fois par an apr\u00e8s avoir int\u00e9gr\u00e9 une \u00e9quipe sportive (oui, cela signifie que si vous l&#8217;avez rempli l&#8217;ann\u00e9e derni\u00e8re, vous devez le remplir \u00e0 nouveau cette ann\u00e9e).[\/vc_column_text][\/vc_column][vc_column width=&#8221;1\/4&#8243; el_class=&#8221;mob-bio-empty&#8221;][\/vc_column][\/vc_row][vc_row][vc_column width=&#8221;1\/6&#8243; el_class=&#8221;form_mob mob-bio-empty&#8221; el_id=&#8221;mob-bio-empty&#8221;][\/vc_column][vc_column width=&#8221;2\/3&#8243; el_class=&#8221;player_form mob_f&#8221;]<script type=\"text\/javascript\">\n\/\/----------------------------------------------------------\n\/\/------ JAVASCRIPT HOOK FUNCTIONS FOR GRAVITY FORMS -------\n\/\/----------------------------------------------------------\n\nif ( ! gform ) {\n\tdocument.addEventListener( 'gform_main_scripts_loaded', function() { gform.scriptsLoaded = true; } );\n\twindow.addEventListener( 'DOMContentLoaded', function() { gform.domLoaded = true; } );\n\n\tvar gform = {\n\t\tdomLoaded: false,\n\t\tscriptsLoaded: false,\n\t\tinitializeOnLoaded: function( fn ) {\n\t\t\tif ( gform.domLoaded && gform.scriptsLoaded ) {\n\t\t\t\tfn();\n\t\t\t} else if( ! gform.domLoaded && gform.scriptsLoaded ) {\n\t\t\t\twindow.addEventListener( 'DOMContentLoaded', fn );\n\t\t\t} else {\n\t\t\t\tdocument.addEventListener( 'gform_main_scripts_loaded', fn );\n\t\t\t}\n\t\t},\n\t\thooks: { action: {}, filter: {} },\n\t\taddAction: function( action, callable, priority, tag ) {\n\t\t\tgform.addHook( 'action', action, callable, priority, tag );\n\t\t},\n\t\taddFilter: function( action, callable, priority, tag ) {\n\t\t\tgform.addHook( 'filter', action, callable, priority, tag );\n\t\t},\n\t\tdoAction: function( action ) {\n\t\t\tgform.doHook( 'action', action, arguments );\n\t\t},\n\t\tapplyFilters: function( action ) {\n\t\t\treturn gform.doHook( 'filter', action, arguments );\n\t\t},\n\t\tremoveAction: function( action, tag ) {\n\t\t\tgform.removeHook( 'action', action, tag );\n\t\t},\n\t\tremoveFilter: function( action, priority, tag ) {\n\t\t\tgform.removeHook( 'filter', action, priority, tag );\n\t\t},\n\t\taddHook: function( hookType, action, callable, priority, tag ) {\n\t\t\tif ( undefined == gform.hooks[hookType][action] ) {\n\t\t\t\tgform.hooks[hookType][action] = [];\n\t\t\t}\n\t\t\tvar hooks = gform.hooks[hookType][action];\n\t\t\tif ( undefined == tag ) {\n\t\t\t\ttag = action + '_' + hooks.length;\n\t\t\t}\n\t\t\tif( priority == undefined ){\n\t\t\t\tpriority = 10;\n\t\t\t}\n\n\t\t\tgform.hooks[hookType][action].push( { tag:tag, callable:callable, priority:priority } );\n\t\t},\n\t\tdoHook: function( hookType, action, args ) {\n\n\t\t\t\/\/ splice args from object into array and remove first index which is the hook name\n\t\t\targs = Array.prototype.slice.call(args, 1);\n\n\t\t\tif ( undefined != gform.hooks[hookType][action] ) {\n\t\t\t\tvar hooks = gform.hooks[hookType][action], hook;\n\t\t\t\t\/\/sort by priority\n\t\t\t\thooks.sort(function(a,b){return a[\"priority\"]-b[\"priority\"]});\n\n\t\t\t\thooks.forEach( function( hookItem ) {\n\t\t\t\t\thook = hookItem.callable;\n\n\t\t\t\t\tif(typeof hook != 'function')\n\t\t\t\t\t\thook = window[hook];\n\t\t\t\t\tif ( 'action' == hookType ) {\n\t\t\t\t\t\thook.apply(null, args);\n\t\t\t\t\t} else {\n\t\t\t\t\t\targs[0] = hook.apply(null, args);\n\t\t\t\t\t}\n\t\t\t\t} );\n\t\t\t}\n\t\t\tif ( 'filter'==hookType ) {\n\t\t\t\treturn args[0];\n\t\t\t}\n\t\t},\n\t\tremoveHook: function( hookType, action, priority, tag ) {\n\t\t\tif ( undefined != gform.hooks[hookType][action] ) {\n\t\t\t\tvar hooks = gform.hooks[hookType][action];\n\t\t\t\thooks = hooks.filter( function(hook, index, arr) {\n\t\t\t\t\tvar removeHook = (undefined==tag||tag==hook.tag) && (undefined==priority||priority==hook.priority);\n\t\t\t\t\treturn !removeHook;\n\t\t\t\t} );\n\t\t\t\tgform.hooks[hookType][action] = hooks;\n\t\t\t}\n\t\t}\n\t};\n}\n<\/script>\n                <div class='gf_browser_gecko gform_wrapper gform_legacy_markup_wrapper gform-theme--no-framework player-bio_wrapper' data-form-theme='legacy' data-form-index='0' id='gform_wrapper_1' ><div id='gf_1' class='gform_anchor' tabindex='-1'><\/div><form method='post' enctype='multipart\/form-data' target='gform_ajax_frame_1' id='gform_1' class='player-bio' action='\/fr\/wp-json\/wp\/v2\/pages\/23249#gf_1' data-formid='1' novalidate>\n                        <div class='gform-body gform_body'><ul id='gform_fields_1' class='gform_fields top_label form_sublabel_below description_below validation_below'><li id=\"field_1_1\" class=\"gfield gfield--type-section gfield--input-type-section gsection field_sublabel_below gfield--no-description field_description_below field_validation_below gfield_visibility_visible\"  data-js-reload=\"field_1_1\" ><h2 class=\"gsection_title\">Player Information \/ Informations sur le joueur<\/h2><\/li><li id=\"field_1_32\" class=\"gfield gfield--type-name gfield--input-type-name gfield_contains_required field_sublabel_hidden_label gfield--no-description field_description_below field_validation_below gfield_visibility_visible\"  data-js-reload=\"field_1_32\" ><label class='gfield_label gform-field-label gfield_label_before_complex' >Player Name \/ Nom du joueur<span class=\"gfield_required\"><span class=\"gfield_required gfield_required_asterisk\">*<\/span><\/span><\/label><div class='ginput_complex ginput_container ginput_container--name no_prefix has_first_name no_middle_name has_last_name no_suffix gf_name_has_2 ginput_container_name gform-grid-row' id='input_1_32'>\n                            \n                            <span id='input_1_32_3_container' class='name_first gform-grid-col gform-grid-col--size-auto' >\n                                                    <input type='text' name='input_32.3' id='input_1_32_3' value=''   aria-required='true'   placeholder='First Name \/ Pr\u00e9nom'  \/>\n                                                    <label for='input_1_32_3' class='gform-field-label gform-field-label--type-sub hidden_sub_label screen-reader-text'>First Name \/ Pr\u00e9nom<\/label>\n                                                <\/span>\n                            \n                            <span id='input_1_32_6_container' class='name_last gform-grid-col gform-grid-col--size-auto' >\n                                                    <input type='text' name='input_32.6' id='input_1_32_6' value=''   aria-required='true'   placeholder='Last Name \/ Nom de famille'  \/>\n                                                    <label for='input_1_32_6' class='gform-field-label gform-field-label--type-sub hidden_sub_label screen-reader-text'>Last Name \/ Nom de famille<\/label>\n                                                <\/span>\n                            \n                        <\/div><\/li><li id=\"field_1_129\" class=\"gfield gfield--type-text gfield--input-type-text gfield_contains_required field_sublabel_below gfield--no-description field_description_below field_validation_below gfield_visibility_visible\"  data-js-reload=\"field_1_129\" ><label class='gfield_label gform-field-label' for='input_1_129'>Student Number \/ Num\u00e9ro d&#039;\u00e9tudiant<span class=\"gfield_required\"><span class=\"gfield_required gfield_required_asterisk\">*<\/span><\/span><\/label><div class='ginput_container ginput_container_text'><input name='input_129' id='input_1_129' type='text' value='' class='medium' maxlength='7'   placeholder='Up to 7 characters \/ 7 caract\u00e8res maximum' aria-required=\"true\" aria-invalid=\"false\"   \/> <\/div><\/li><li id=\"field_1_34\" class=\"gfield gfield--type-select gfield--input-type-select gfield--width-full gf_left_half gfield_contains_required field_sublabel_below gfield--no-description field_description_below field_validation_below gfield_visibility_visible\"  data-js-reload=\"field_1_34\" ><label class='gfield_label gform-field-label' for='input_1_34'>Sport \/ Sport<span class=\"gfield_required\"><span class=\"gfield_required gfield_required_asterisk\">*<\/span><\/span><\/label><div class='ginput_container ginput_container_select'><select name='input_34' id='input_1_34' class='medium gfield_select'    aria-required=\"true\" aria-invalid=\"false\" ><option value='Select a Sport \/ S\u00e9lectionner un sport' >Select a Sport \/ S\u00e9lectionner un sport<\/option><option value='Baseball \/ Baseball' >Baseball \/ Baseball<\/option><option value='Basketball - Men \/ Basketball - Masculin' >Basketball - Men \/ Basketball - Masculin<\/option><option value='Basketball - Women \/ Basketball - F\u00e9minin' >Basketball - Women \/ Basketball - F\u00e9minin<\/option><option value='Flag FB \/ Flag FB' >Flag FB \/ Flag FB<\/option><option value='Football \/ Football' >Football \/ Football<\/option><option value='Golf \/ Golf' >Golf \/ Golf<\/option><option value='Hockey \/ Hockey' >Hockey \/ Hockey<\/option><option value='Lacrosse \/ Lacrosse' >Lacrosse \/ Lacrosse<\/option><option value='Rugby - Men \/ Rugby - Masculin' >Rugby - Men \/ Rugby - Masculin<\/option><option value='Rugby - Women \/ Rugby - F\u00e9minin' >Rugby - Women \/ Rugby - F\u00e9minin<\/option><option value='Soccer - Men D1 \/ Soccer D1 - Masculin' >Soccer - Men D1 \/ Soccer D1 - Masculin<\/option><option value='Soccer - Women \/ Soccer - F\u00e9minin' >Soccer - Women \/ Soccer - F\u00e9minin<\/option><option value='Swimming \/ Natation' >Swimming \/ Natation<\/option><option value='Volleyball - Men \/  Volleyball - Masculin' >Volleyball - Men \/  Volleyball - Masculin<\/option><option value='Volleyball - Women \/ Volleyball - F\u00e9minin' >Volleyball - Women \/ Volleyball - F\u00e9minin<\/option><option value='X-Country Running \/ Cross-Country' >X-Country Running \/ Cross-Country<\/option><\/select><\/div><\/li><li id=\"field_1_143\" class=\"gfield gfield--type-select gfield--input-type-select gfield_contains_required field_sublabel_below gfield--has-description field_description_below field_validation_below gfield_visibility_visible\"  data-js-reload=\"field_1_143\" ><label class='gfield_label gform-field-label' for='input_1_143'>Team Year \/ Ann\u00e9e de l&#039;\u00e9quipe<span class=\"gfield_required\"><span class=\"gfield_required gfield_required_asterisk\">*<\/span><\/span><\/label><div class='ginput_container ginput_container_select'><select name='input_143' id='input_1_143' class='medium gfield_select'  aria-describedby=\"gfield_description_1_143\"  aria-required=\"true\" aria-invalid=\"false\" ><option value='2018' >2018<\/option><option value='2019' >2019<\/option><option value='2020' >2020<\/option><option value='2021' >2021<\/option><option value='2022' >2022<\/option><option value='2023' >2023<\/option><option value='2024' >2024<\/option><option value='2025' selected='selected'>2025<\/option><\/select><\/div><div class='gfield_description' id='gfield_description_1_143'>Use on front-end to filter roster by year\nFor admin use\ne.g. Please enter single entry for Year 2018 and it  change to ( Will changed to Aug 2018 - Jul 2019 automatically) \n---\n\u00c0 utiliser sur la fa\u00e7ade pour filtrer la liste par ann\u00e9e Pour l'administration par exemple, veuillez saisir une seule entr\u00e9e pour l'ann\u00e9e 2018 et elle se transformera en (se transformera en ao\u00fbt 2018 - juillet 2019 automatiquement).<\/div><\/li><li id=\"field_1_146\" class=\"gfield gfield--type-text gfield--input-type-text gfield_contains_required field_sublabel_below gfield--no-description field_description_below field_validation_below gfield_visibility_visible\"  data-js-reload=\"field_1_146\" ><label class='gfield_label gform-field-label' for='input_1_146'>Jersey Number \/ Num\u00e9ro du chandail<span class=\"gfield_required\"><span class=\"gfield_required gfield_required_asterisk\">*<\/span><\/span><\/label><div class='ginput_container ginput_container_text'><input name='input_146' id='input_1_146' type='text' value='' class='medium'     aria-required=\"true\" aria-invalid=\"false\"   \/> <\/div><\/li><li id=\"field_1_4\" class=\"gfield gfield--type-text gfield--input-type-text gf_inline two_col gfield_contains_required field_sublabel_below gfield--no-description field_description_below field_validation_below gfield_visibility_visible\"  data-js-reload=\"field_1_4\" ><label class='gfield_label gform-field-label' for='input_1_4'>Hometown \/ ville de r\u00e9sidence<span class=\"gfield_required\"><span class=\"gfield_required gfield_required_asterisk\">*<\/span><\/span><\/label><div class='ginput_container ginput_container_text'><input name='input_4' id='input_1_4' type='text' value='' class='medium'    placeholder='City, Province\/State \/ Ville, Province\/\u00c9tat' aria-required=\"true\" aria-invalid=\"false\"   \/> <\/div><\/li><li id=\"field_1_7\" class=\"gfield gfield--type-text gfield--input-type-text gf_inline gfield_contains_required field_sublabel_below gfield--has-description field_description_below field_validation_below gfield_visibility_visible\"  data-js-reload=\"field_1_7\" ><label class='gfield_label gform-field-label' for='input_1_7'>Height (ft&#039; in&quot;) \/ Hauteur (p&#039; p&quot;)<span class=\"gfield_required\"><span class=\"gfield_required gfield_required_asterisk\">*<\/span><\/span><\/label><div class='ginput_container ginput_container_text'><input name='input_7' id='input_1_7' type='text' value='' class='small'  aria-describedby=\"gfield_description_1_7\"  placeholder='Feet&#039; Inches&quot; \/ Pieds&#039; Pouces&quot;' aria-required=\"true\" aria-invalid=\"false\"   \/> <\/div><div class='gfield_description' id='gfield_description_1_7'>in feet and inches \/\npieds et pouces<\/div><\/li><li id=\"field_1_150\" class=\"gfield gfield--type-text gfield--input-type-text gfield--width-full field_sublabel_below gfield--no-description field_description_below field_validation_below gfield_visibility_visible\"  data-js-reload=\"field_1_150\" ><label class='gfield_label gform-field-label' for='input_1_150'>Social media @<\/label><div class='ginput_container ginput_container_text'><input name='input_150' id='input_1_150' type='text' value='' class='large'      aria-invalid=\"false\"   \/> <\/div><\/li><\/ul><\/div>\n        <div class='gform_footer top_label'> <button class='button gform_next_button' id='gform_submit_button_1'><span>Submit<\/span><\/button> <input type='hidden' name='gform_ajax' value='form_id=1&amp;title=&amp;description=&amp;tabindex=0&amp;theme=legacy' \/>\n            <input type='hidden' class='gform_hidden' name='is_submit_1' value='1' \/>\n            <input type='hidden' class='gform_hidden' name='gform_submit' value='1' \/>\n            \n            <input type='hidden' class='gform_hidden' name='gform_unique_id' value='' \/>\n            <input type='hidden' class='gform_hidden' name='state_1' value='WyJbXSIsIjBmMDdhOGI1NTEyYWEwNTdjOWI4NWM5NWE4NjcwNjcwIl0=' \/>\n            <input type='hidden' class='gform_hidden' name='gform_target_page_number_1' id='gform_target_page_number_1' value='0' \/>\n            <input type='hidden' class='gform_hidden' name='gform_source_page_number_1' id='gform_source_page_number_1' value='1' \/>\n            <input type='hidden' name='gform_field_values' value='' \/>\n            \n        <\/div>\n                        <\/form>\n                        <\/div>\n\t\t                <iframe style='display:none;width:0px;height:0px;' src='about:blank' name='gform_ajax_frame_1' id='gform_ajax_frame_1' title='Cette iframe contient la logique n\u00e9cessaire pour manipuler Gravity Forms avec Ajax.'><\/iframe>\n\t\t                <script>\ngform.initializeOnLoaded( function() {gformInitSpinner( 1, 'https:\/\/sportsandrecreation.johnabbott.qc.ca\/wp-content\/plugins\/gravityforms\/images\/spinner.svg', true );jQuery('#gform_ajax_frame_1').on('load',function(){var contents = jQuery(this).contents().find('*').html();var is_postback = contents.indexOf('GF_AJAX_POSTBACK') >= 0;if(!is_postback){return;}var form_content = jQuery(this).contents().find('#gform_wrapper_1');var is_confirmation = jQuery(this).contents().find('#gform_confirmation_wrapper_1').length > 0;var is_redirect = contents.indexOf('gformRedirect(){') >= 0;var is_form = form_content.length > 0 && ! is_redirect && ! is_confirmation;var mt = parseInt(jQuery('html').css('margin-top'), 10) + parseInt(jQuery('body').css('margin-top'), 10) + 100;if(is_form){jQuery('#gform_wrapper_1').html(form_content.html());if(form_content.hasClass('gform_validation_error')){jQuery('#gform_wrapper_1').addClass('gform_validation_error');} else {jQuery('#gform_wrapper_1').removeClass('gform_validation_error');}setTimeout( function() { \/* delay the scroll by 50 milliseconds to fix a bug in chrome *\/ jQuery(document).scrollTop(jQuery('#gform_wrapper_1').offset().top - mt); }, 50 );if(window['gformInitDatepicker']) {gformInitDatepicker();}if(window['gformInitPriceFields']) {gformInitPriceFields();}var current_page = jQuery('#gform_source_page_number_1').val();gformInitSpinner( 1, 'https:\/\/sportsandrecreation.johnabbott.qc.ca\/wp-content\/plugins\/gravityforms\/images\/spinner.svg', true );jQuery(document).trigger('gform_page_loaded', [1, current_page]);window['gf_submitting_1'] = false;}else if(!is_redirect){var confirmation_content = jQuery(this).contents().find('.GF_AJAX_POSTBACK').html();if(!confirmation_content){confirmation_content = contents;}jQuery('#gform_wrapper_1').replaceWith(confirmation_content);jQuery(document).scrollTop(jQuery('#gf_1').offset().top - mt);jQuery(document).trigger('gform_confirmation_loaded', [1]);window['gf_submitting_1'] = false;wp.a11y.speak(jQuery('#gform_confirmation_message_1').text());}else{jQuery('#gform_1').append(contents);if(window['gformRedirect']) {gformRedirect();}}jQuery(document).trigger(\"gform_pre_post_render\", [{ formId: \"1\", currentPage: \"current_page\", abort: function() { this.preventDefault(); } }]);                if (event && event.defaultPrevented) {                return;         }        const gformWrapperDiv = document.getElementById( \"gform_wrapper_1\" );        if ( gformWrapperDiv ) {            const visibilitySpan = document.createElement( \"span\" );            visibilitySpan.id = \"gform_visibility_test_1\";            gformWrapperDiv.insertAdjacentElement( \"afterend\", visibilitySpan );        }        const visibilityTestDiv = document.getElementById( \"gform_visibility_test_1\" );        let postRenderFired = false;                function triggerPostRender() {            if ( postRenderFired ) {                return;            }            postRenderFired = true;            jQuery( document ).trigger( 'gform_post_render', [1, current_page] );            gform.utils.trigger( { event: 'gform\/postRender', native: false, data: { formId: 1, currentPage: current_page } } );            if ( visibilityTestDiv ) {                visibilityTestDiv.parentNode.removeChild( visibilityTestDiv );            }        }        function debounce( func, wait, immediate ) {            var timeout;            return function() {                var context = this, args = arguments;                var later = function() {                    timeout = null;                    if ( !immediate ) func.apply( context, args );                };                var callNow = immediate && !timeout;                clearTimeout( timeout );                timeout = setTimeout( later, wait );                if ( callNow ) func.apply( context, args );            };        }        const debouncedTriggerPostRender = debounce( function() {            triggerPostRender();        }, 200 );        if ( visibilityTestDiv && visibilityTestDiv.offsetParent === null ) {            const observer = new MutationObserver( ( mutations ) => {                mutations.forEach( ( mutation ) => {                    if ( mutation.type === 'attributes' && visibilityTestDiv.offsetParent !== null ) {                        debouncedTriggerPostRender();                        observer.disconnect();                    }                });            });            observer.observe( document.body, {                attributes: true,                childList: false,                subtree: true,                attributeFilter: [ 'style', 'class' ],            });        } else {            triggerPostRender();        }    } );} );\n<\/script>\n[\/vc_column][vc_column width=&#8221;1\/6&#8243; el_class=&#8221;form_mob mob-bio-empty&#8221; el_id=&#8221;mob-bio-empty&#8221;][\/vc_column][\/vc_row]<\/p>\n","protected":false},"excerpt":{"rendered":"<p>[vc_row][vc_column width=&#8221;1\/4&#8243; el_class=&#8221;mob-bio-empty&#8221;][\/vc_column][vc_column width=&#8221;1\/2&#8243; el_class=&#8221;mob_f&#8221;][vc_column_text el_class=&#8221;bio_text&#8221;]Tous les Islanders doivent remplir ce formulaire une fois par an apr\u00e8s avoir int\u00e9gr\u00e9 une \u00e9quipe sportive (oui, cela signifie que si vous l&#8217;avez rempli l&#8217;ann\u00e9e derni\u00e8re, vous devez le remplir \u00e0 nouveau cette ann\u00e9e).[\/vc_column_text][\/vc_column][vc_column width=&#8221;1\/4&#8243; el_class=&#8221;mob-bio-empty&#8221;][\/vc_column][\/vc_row][vc_row][vc_column width=&#8221;1\/6&#8243; el_class=&#8221;form_mob mob-bio-empty&#8221; el_id=&#8221;mob-bio-empty&#8221;][\/vc_column][vc_column width=&#8221;2\/3&#8243; el_class=&#8221;player_form mob_f&#8221;][\/vc_column][vc_column width=&#8221;1\/6&#8243; el_class=&#8221;form_mob mob-bio-empty&#8221; el_id=&#8221;mob-bio-empty&#8221;][\/vc_column][\/vc_row]<\/p>\n","protected":false},"author":1,"featured_media":0,"parent":0,"menu_order":8,"comment_status":"closed","ping_status":"closed","template":"","meta":{"inline_featured_image":false,"footnotes":""},"class_list":["post-23249","page","type-page","status-publish","hentry","entry"],"_links":{"self":[{"href":"https:\/\/sportsandrecreation.johnabbott.qc.ca\/fr\/wp-json\/wp\/v2\/pages\/23249","targetHints":{"allow":["GET"]}}],"collection":[{"href":"https:\/\/sportsandrecreation.johnabbott.qc.ca\/fr\/wp-json\/wp\/v2\/pages"}],"about":[{"href":"https:\/\/sportsandrecreation.johnabbott.qc.ca\/fr\/wp-json\/wp\/v2\/types\/page"}],"author":[{"embeddable":true,"href":"https:\/\/sportsandrecreation.johnabbott.qc.ca\/fr\/wp-json\/wp\/v2\/users\/1"}],"replies":[{"embeddable":true,"href":"https:\/\/sportsandrecreation.johnabbott.qc.ca\/fr\/wp-json\/wp\/v2\/comments?post=23249"}],"version-history":[{"count":1,"href":"https:\/\/sportsandrecreation.johnabbott.qc.ca\/fr\/wp-json\/wp\/v2\/pages\/23249\/revisions"}],"predecessor-version":[{"id":24016,"href":"https:\/\/sportsandrecreation.johnabbott.qc.ca\/fr\/wp-json\/wp\/v2\/pages\/23249\/revisions\/24016"}],"wp:attachment":[{"href":"https:\/\/sportsandrecreation.johnabbott.qc.ca\/fr\/wp-json\/wp\/v2\/media?parent=23249"}],"curies":[{"name":"wp","href":"https:\/\/api.w.org\/{rel}","templated":true}]}}