{"id":23218,"date":"2022-10-11T14:31:43","date_gmt":"2022-10-11T18:31:43","guid":{"rendered":"https:\/\/jasportsandrec.wpengine.com\/athletic-accomplishments-2021-2022-accomplissements-sportifs-2021-2022\/"},"modified":"2023-06-08T11:35:14","modified_gmt":"2023-06-08T15:35:14","slug":"athletic-accomplishments-2021-2022-accomplissements-sportifs-2021-2022","status":"publish","type":"page","link":"https:\/\/sportsandrecreation.johnabbott.qc.ca\/fr\/athletic-accomplishments-2021-2022-accomplissements-sportifs-2021-2022\/","title":{"rendered":"Accomplissements sportifs 2021-2022"},"content":{"rendered":"<p>Wow ! On se vante un peu &#8211; voici les banni\u00e8res gagn\u00e9es par les \u00e9tudiants-athl\u00e8tes du C\u00e9gep John Abbott durant la saison intercoll\u00e9giale 2021-2022.<\/p>\n<ul type=\"disc\">\n<li>Footbal Bol D\u2019or (championnat provincial)<\/li>\n<li>Football 1\u00e8re place saison r\u00e9guli\u00e8re<\/li>\n<li>S\u00e9ries \u00e9liminatoires de hockey (championnat provincial)<\/li>\n<li>Hockey 1\u00e8re place saison r\u00e9guli\u00e8re<\/li>\n<li>Natation G\u00e9n\u00e9ral (championnat provincial)<\/li>\n<li>Natation \u00c9quipe masculine (championnat provincial)<\/li>\n<li>Natation \u00e9quipe f\u00e9minine (championnat provincial)<\/li>\n<li>Natation 1\u00e8re place saison r\u00e9guli\u00e8re<\/li>\n<li>Rugby f\u00e9minin &#8211; Champions r\u00e9gionaux<\/li>\n<li>Rugby f\u00e9minin 1\u00e8re place saison r\u00e9guli\u00e8re<\/li>\n<li>Rugby hommes 1\u00e8re place saison r\u00e9guli\u00e8re<\/li>\n<li>Volleyball hommes 1\u00e8re place saison r\u00e9guli\u00e8re<\/li>\n<li>Volleyball hommes \u00e9thique Sportive<\/li>\n<li>Soccer f\u00e9minin \u00e9thique Sportive<sup>\u00a0<\/sup><\/li>\n<\/ul>\n","protected":false},"excerpt":{"rendered":"<p>Wow ! On se vante un peu &#8211; voici les banni\u00e8res gagn\u00e9es par les \u00e9tudiants-athl\u00e8tes du C\u00e9gep John Abbott durant la saison intercoll\u00e9giale 2021-2022. Footbal Bol D\u2019or (championnat provincial) Football 1\u00e8re place saison r\u00e9guli\u00e8re S\u00e9ries \u00e9liminatoires de hockey (championnat provincial) Hockey 1\u00e8re place saison r\u00e9guli\u00e8re Natation G\u00e9n\u00e9ral (championnat provincial) Natation \u00c9quipe masculine (championnat provincial) Natation &hellip; <\/p>\n<p class=\"link-more\"><a href=\"https:\/\/sportsandrecreation.johnabbott.qc.ca\/fr\/athletic-accomplishments-2021-2022-accomplissements-sportifs-2021-2022\/\" class=\"more-link\">Continuer la lecture <span class=\"screen-reader-text\"> \u00ab\u00a0Accomplissements sportifs 2021-2022\u00a0\u00bb<\/span><\/a><\/p>\n","protected":false},"author":2,"featured_media":0,"parent":0,"menu_order":0,"comment_status":"closed","ping_status":"closed","template":"","meta":{"inline_featured_image":false,"footnotes":""},"class_list":["post-23218","page","type-page","status-publish","hentry","entry"],"_links":{"self":[{"href":"https:\/\/sportsandrecreation.johnabbott.qc.ca\/fr\/wp-json\/wp\/v2\/pages\/23218","targetHints":{"allow":["GET"]}}],"collection":[{"href":"https:\/\/sportsandrecreation.johnabbott.qc.ca\/fr\/wp-json\/wp\/v2\/pages"}],"about":[{"href":"https:\/\/sportsandrecreation.johnabbott.qc.ca\/fr\/wp-json\/wp\/v2\/types\/page"}],"author":[{"embeddable":true,"href":"https:\/\/sportsandrecreation.johnabbott.qc.ca\/fr\/wp-json\/wp\/v2\/users\/2"}],"replies":[{"embeddable":true,"href":"https:\/\/sportsandrecreation.johnabbott.qc.ca\/fr\/wp-json\/wp\/v2\/comments?post=23218"}],"version-history":[{"count":0,"href":"https:\/\/sportsandrecreation.johnabbott.qc.ca\/fr\/wp-json\/wp\/v2\/pages\/23218\/revisions"}],"wp:attachment":[{"href":"https:\/\/sportsandrecreation.johnabbott.qc.ca\/fr\/wp-json\/wp\/v2\/media?parent=23218"}],"curies":[{"name":"wp","href":"https:\/\/api.w.org\/{rel}","templated":true}]}}